{"id":8,"date":"2020-11-04T09:29:03","date_gmt":"2020-11-04T09:29:03","guid":{"rendered":"https:\/\/evidon.fr\/?page_id=8"},"modified":"2023-09-21T20:20:13","modified_gmt":"2023-09-21T20:20:13","slug":"accueil","status":"publish","type":"page","link":"https:\/\/www.evidon.fr\/accueil\/","title":{"rendered":"Accueil"},"content":{"rendered":"\n<p>Bienvenue sur votre site&nbsp;! <\/p>\n\n\n\n<p>C\u2019est l\u2019ensemble des techniques de marketing appliqu\u00e9es, dans le but de faire connaitre une id\u00e9e, un produit, une marque ou un service \u00e0 travers Internet. Le but principal est d\u2019attirer et de fid\u00e9liser les clients par l\u2019utilisation d\u2019outils technologiques propres au web tels que les r\u00e9seaux sociaux, les sites internet, le r\u00e9f\u00e9rencement et l\u2019e-mailing.<\/p>\n\n\n\n<p><a href=\"https:\/\/aide-dissertation.fr\/\">aide dissertation<\/a><\/p>\n\n\n\n<p><\/p>\n\n\n\n<p>Le <a data-type=\"URL\" data-id=\"https:\/\/fr.wikipedia.org\/wiki\/Webmarketing\" href=\"https:\/\/fr.wikipedia.org\/wiki\/Webmarketing\">webmarketing<\/a> s\u2019applique premi\u00e8rement dans le cadre commercial o\u00f9 il faut le voir ici comme une finalit\u00e9. On cherche toujours \u00e0 vendre, mieux et plus intelligemment gr\u00e2ce \u00e0 des outils et des m\u00e9thodologies sp\u00e9cifiques. Ce sont les techniques utilis\u00e9es en amont et ensuite d\u00e9ploy\u00e9es sur diff\u00e9rents canaux, qui rentrent dans la dimension du webmarketing.<\/p>\n\n\n\n<p><a href=\"https:\/\/payer-pour-faire-ses-devoirs.fr\/\">payer pour faire ses devoirs<\/a> <\/p>\n\n\n\n<figure class=\"wp-block-image size-large\"><img loading=\"lazy\" decoding=\"async\" width=\"1024\" height=\"576\" src=\"https:\/\/evidon.fr\/wp-content\/uploads\/2021\/01\/product-marketing-1280w-1024x576.jpg\" alt=\"\" class=\"wp-image-52\" srcset=\"https:\/\/www.evidon.fr\/wp-content\/uploads\/2021\/01\/product-marketing-1280w-1024x576.jpg 1024w, https:\/\/www.evidon.fr\/wp-content\/uploads\/2021\/01\/product-marketing-1280w-300x169.jpg 300w, https:\/\/www.evidon.fr\/wp-content\/uploads\/2021\/01\/product-marketing-1280w-768x432.jpg 768w, https:\/\/www.evidon.fr\/wp-content\/uploads\/2021\/01\/product-marketing-1280w.jpg 1280w\" sizes=\"auto, (max-width: 1024px) 100vw, 1024px\" \/><\/figure>\n","protected":false},"excerpt":{"rendered":"<p>Bienvenue sur votre site&nbsp;! C\u2019est l\u2019ensemble des techniques de marketing appliqu\u00e9es, dans le but de faire connaitre une id\u00e9e, un produit, une marque ou un service \u00e0 travers Internet. Le but principal est d\u2019attirer et de fid\u00e9liser les clients par l\u2019utilisation d\u2019outils technologiques propres au web tels que les r\u00e9seaux sociaux, les sites internet, le<\/p>\n","protected":false},"author":1,"featured_media":0,"parent":0,"menu_order":0,"comment_status":"closed","ping_status":"closed","template":"","meta":{"_monsterinsights_skip_tracking":false,"_monsterinsights_sitenote_active":false,"_monsterinsights_sitenote_note":"","_monsterinsights_sitenote_category":0,"footnotes":""},"class_list":["post-8","page","type-page","status-publish","hentry"],"_links":{"self":[{"href":"https:\/\/www.evidon.fr\/wp-json\/wp\/v2\/pages\/8","targetHints":{"allow":["GET"]}}],"collection":[{"href":"https:\/\/www.evidon.fr\/wp-json\/wp\/v2\/pages"}],"about":[{"href":"https:\/\/www.evidon.fr\/wp-json\/wp\/v2\/types\/page"}],"author":[{"embeddable":true,"href":"https:\/\/www.evidon.fr\/wp-json\/wp\/v2\/users\/1"}],"replies":[{"embeddable":true,"href":"https:\/\/www.evidon.fr\/wp-json\/wp\/v2\/comments?post=8"}],"version-history":[{"count":5,"href":"https:\/\/www.evidon.fr\/wp-json\/wp\/v2\/pages\/8\/revisions"}],"predecessor-version":[{"id":276,"href":"https:\/\/www.evidon.fr\/wp-json\/wp\/v2\/pages\/8\/revisions\/276"}],"wp:attachment":[{"href":"https:\/\/www.evidon.fr\/wp-json\/wp\/v2\/media?parent=8"}],"curies":[{"name":"wp","href":"https:\/\/api.w.org\/{rel}","templated":true}]}}